{"id":235,"date":"2023-12-04T11:02:10","date_gmt":"2023-12-04T10:02:10","guid":{"rendered":"https:\/\/bbts.pl\/szkola\/?page_id=235"},"modified":"2023-12-04T21:00:29","modified_gmt":"2023-12-04T20:00:29","slug":"wazne-informacje","status":"publish","type":"page","link":"https:\/\/bbts.pl\/szkola\/wazne-informacje\/","title":{"rendered":"Wa\u017cne informacje"},"content":{"rendered":"<p>[vc_row][vc_column width=&#8221;1\/1&#8243;][vc_custom_heading heading_semantic=&#8221;h3&#8243; text_size=&#8221;h4&#8243; uncode_shortcode_id=&#8221;105424&#8243;]Wykaz plac\u00f3wek na terenie Powiatu Bielskiego i Maista Bielsko-Bia\u0142ej, gdzie mo\u017cna uzyska\u0107 pierwsz\u0105 pomoc i kontakt w zakresie o opieki psychiatrycznej i leczenia uzale\u017cnie\u0144 &#8211; <a href=\"http:\/\/bbts.pl\/szkola\/wp-content\/uploads\/sites\/3\/2023\/12\/wykazPlacowek.pdf\">Link<\/a>.[\/vc_custom_heading][vc_single_image media=&#8221;236&#8243; media_lightbox=&#8221;yes&#8221; media_width_percent=&#8221;100&#8243; lbox_full=&#8221;yes&#8221; lbox_download=&#8221;yes&#8221; uncode_shortcode_id=&#8221;510006&#8243;][\/vc_column][\/vc_row]<\/p>\n","protected":false},"excerpt":{"rendered":"<p>[vc_row][vc_column width=&#8221;1\/1&#8243;][vc_custom_heading heading_semantic=&#8221;h3&#8243; text_size=&#8221;h4&#8243; uncode_shortcode_id=&#8221;105424&#8243;]Wykaz plac\u00f3wek na terenie Powiatu Bielskiego i Maista Bielsko-Bia\u0142ej, gdzie mo\u017cna uzyska\u0107 pierwsz\u0105 pomoc i kontakt [&hellip;]<\/p>\n","protected":false},"author":1,"featured_media":236,"parent":0,"menu_order":0,"comment_status":"closed","ping_status":"closed","template":"","meta":[],"_links":{"self":[{"href":"https:\/\/bbts.pl\/szkola\/wp-json\/wp\/v2\/pages\/235"}],"collection":[{"href":"https:\/\/bbts.pl\/szkola\/wp-json\/wp\/v2\/pages"}],"about":[{"href":"https:\/\/bbts.pl\/szkola\/wp-json\/wp\/v2\/types\/page"}],"author":[{"embeddable":true,"href":"https:\/\/bbts.pl\/szkola\/wp-json\/wp\/v2\/users\/1"}],"replies":[{"embeddable":true,"href":"https:\/\/bbts.pl\/szkola\/wp-json\/wp\/v2\/comments?post=235"}],"version-history":[{"count":4,"href":"https:\/\/bbts.pl\/szkola\/wp-json\/wp\/v2\/pages\/235\/revisions"}],"predecessor-version":[{"id":243,"href":"https:\/\/bbts.pl\/szkola\/wp-json\/wp\/v2\/pages\/235\/revisions\/243"}],"wp:featuredmedia":[{"embeddable":true,"href":"https:\/\/bbts.pl\/szkola\/wp-json\/wp\/v2\/media\/236"}],"wp:attachment":[{"href":"https:\/\/bbts.pl\/szkola\/wp-json\/wp\/v2\/media?parent=235"}],"curies":[{"name":"wp","href":"https:\/\/api.w.org\/{rel}","templated":true}]}}