{"id":2,"date":"2022-09-29T11:09:48","date_gmt":"2022-09-29T09:09:48","guid":{"rendered":"http:\/\/qfbznlr.cluster030.hosting.ovh.net\/akademia\/?page_id=2"},"modified":"2023-06-14T21:47:48","modified_gmt":"2023-06-14T19:47:48","slug":"przykladowa-strona","status":"publish","type":"page","link":"https:\/\/bbts.pl\/szkola\/","title":{"rendered":"Szko\u0142a BBTS"},"content":{"rendered":"<p>[vc_row unlock_row_content=&#8221;yes&#8221; row_height_percent=&#8221;0&#8243; override_padding=&#8221;yes&#8221; h_padding=&#8221;7&#8243; top_padding=&#8221;2&#8243; bottom_padding=&#8221;0&#8243; overlay_alpha=&#8221;50&#8243; equal_height=&#8221;yes&#8221; gutter_size=&#8221;3&#8243; column_width_percent=&#8221;100&#8243; shift_y=&#8221;0&#8243; z_index=&#8221;0&#8243; uncode_shortcode_id=&#8221;403468&#8243;][vc_column column_width_percent=&#8221;100&#8243; position_vertical=&#8221;middle&#8221; gutter_size=&#8221;3&#8243; override_padding=&#8221;yes&#8221; column_padding=&#8221;3&#8243; style=&#8221;dark&#8221; back_color=&#8221;color-vyce&#8221; back_image=&#8221;29&#8243; kburns=&#8221;magnetic&#8221; overlay_color=&#8221;color-vyce&#8221; overlay_alpha=&#8221;90&#8243; shift_x=&#8221;0&#8243; shift_y=&#8221;0&#8243; shift_y_down=&#8221;0&#8243; z_index=&#8221;0&#8243; medium_width=&#8221;0&#8243; mobile_width=&#8221;0&#8243; css_animation=&#8221;bottom-t-top&#8221; animation_speed=&#8221;700&#8243; radius=&#8221;xl&#8221; width=&#8221;1\/3&#8243; uncode_shortcode_id=&#8221;500877&#8243; back_color_type=&#8221;uncode-palette&#8221; overlay_color_type=&#8221;uncode-palette&#8221;][vc_custom_heading text_size=&#8221;h3&#8243; uncode_shortcode_id=&#8221;290347&#8243;]Dla uczni\u00f3w[\/vc_custom_heading][vc_column_text uncode_shortcode_id=&#8221;117251&#8243;]Ta sekcja zawieraj\u0105ca wszelkie informacje i zasoby, kt\u00f3re pomog\u0105 Ci w nauce, rozwijaniu zainteresowa\u0144 i uczestnictwie w szkolnym \u017cyciu spo\u0142ecznym[\/vc_column_text][vc_button size=&#8221;btn-sm&#8221; border_animation=&#8221;btn-ripple-out&#8221; outline=&#8221;yes&#8221; border_width=&#8221;0&#8243; link=&#8221;url:%2Fszkola%2Fdla-uczniow%2F|title:Dla%20uczni%C3%B3w&#8221; uncode_shortcode_id=&#8221;806853&#8243;]WI\u0118CEJ[\/vc_button][\/vc_column][vc_column column_width_percent=&#8221;100&#8243; position_vertical=&#8221;middle&#8221; gutter_size=&#8221;3&#8243; override_padding=&#8221;yes&#8221; column_padding=&#8221;3&#8243; style=&#8221;dark&#8221; back_color=&#8221;color-210407&#8243; back_image=&#8221;24&#8243; kburns=&#8221;magnetic&#8221; overlay_color=&#8221;color-210407&#8243; overlay_alpha=&#8221;85&#8243; shift_x=&#8221;0&#8243; shift_y=&#8221;0&#8243; shift_y_down=&#8221;0&#8243; z_index=&#8221;0&#8243; medium_width=&#8221;0&#8243; mobile_width=&#8221;0&#8243; css_animation=&#8221;bottom-t-top&#8221; animation_speed=&#8221;600&#8243; animation_delay=&#8221;500&#8243; radius=&#8221;xl&#8221; width=&#8221;1\/3&#8243; uncode_shortcode_id=&#8221;100883&#8243; back_color_type=&#8221;uncode-palette&#8221; overlay_color_type=&#8221;uncode-palette&#8221;][vc_custom_heading text_size=&#8221;h3&#8243; uncode_shortcode_id=&#8221;954952&#8243;]Dla rodzic\u00f3w[\/vc_custom_heading][vc_column_text uncode_shortcode_id=&#8221;183348&#8243;]To miejsce dedykowane dostarczaniu istotnych informacji oraz umo\u017cliwiaj\u0105ce skuteczn\u0105 komunikacj\u0119 i wsp\u00f3\u0142prac\u0119 mi\u0119dzy rodzicami a szko\u0142\u0105.<\/p>\n<p>Zach\u0119camy do regularnego odwiedzania naszej strony, aby by\u0107 na bie\u017c\u0105[\/vc_column_text][vc_button size=&#8221;btn-sm&#8221; border_animation=&#8221;btn-ripple-out&#8221; outline=&#8221;yes&#8221; border_width=&#8221;0&#8243; link=&#8221;url:%2Fszkola%2Fdla-rodzicow%2F|title:Dla%20rodzic%C3%B3w&#8221; uncode_shortcode_id=&#8221;178656&#8243;]WI\u0118CEJ[\/vc_button][\/vc_column][vc_column column_width_percent=&#8221;100&#8243; position_vertical=&#8221;middle&#8221; gutter_size=&#8221;3&#8243; override_padding=&#8221;yes&#8221; column_padding=&#8221;3&#8243; style=&#8221;dark&#8221; back_color=&#8221;color-rgdb&#8221; back_image=&#8221;16&#8243; kburns=&#8221;magnetic&#8221; overlay_color=&#8221;color-prif&#8221; overlay_alpha=&#8221;90&#8243; shift_x=&#8221;0&#8243; shift_y=&#8221;0&#8243; shift_y_down=&#8221;0&#8243; z_index=&#8221;0&#8243; medium_width=&#8221;0&#8243; mobile_width=&#8221;0&#8243; css_animation=&#8221;bottom-t-top&#8221; animation_speed=&#8221;600&#8243; animation_delay=&#8221;1000&#8243; radius=&#8221;xl&#8221; width=&#8221;1\/3&#8243; uncode_shortcode_id=&#8221;560024&#8243; back_color_type=&#8221;uncode-palette&#8221; overlay_color_type=&#8221;uncode-palette&#8221;][vc_custom_heading text_size=&#8221;h3&#8243; uncode_shortcode_id=&#8221;794358&#8243;]System naboru[\/vc_custom_heading][vc_column_text uncode_shortcode_id=&#8221;172200&#8243;]Znajdziesz tu wszelkie niezb\u0119dne informacje zwi\u0105zane z naborem do naszych plac\u00f3wek[\/vc_column_text][vc_button size=&#8221;btn-sm&#8221; border_animation=&#8221;btn-ripple-out&#8221; outline=&#8221;yes&#8221; border_width=&#8221;0&#8243; link=&#8221;url:%2Fszkola%2Fsystem-naboru%2F|title:System%20naboru&#8221; uncode_shortcode_id=&#8221;850153&#8243;]WI\u0118CEJ[\/vc_button][\/vc_column][\/vc_row][vc_row unlock_row_content=&#8221;yes&#8221; row_height_percent=&#8221;0&#8243; override_padding=&#8221;yes&#8221; h_padding=&#8221;7&#8243; top_padding=&#8221;4&#8243; bottom_padding=&#8221;4&#8243; overlay_alpha=&#8221;50&#8243; gutter_size=&#8221;3&#8243; column_width_percent=&#8221;100&#8243; shift_y=&#8221;0&#8243; z_index=&#8221;0&#8243; enable_bottom_divider=&#8221;default&#8221; bottom_divider=&#8221;triangle&#8221; shape_bottom_h_use_pixel=&#8221;&#8221; shape_bottom_height=&#8221;50&#8243; shape_bottom_color=&#8221;color-lxmt&#8221; shape_bottom_opacity=&#8221;100&#8243; shape_bottom_index=&#8221;0&#8243; uncode_shortcode_id=&#8221;196004&#8243; shape_bottom_color_type=&#8221;uncode-palette&#8221;][vc_column width=&#8221;1\/1&#8243;][vc_row_inner][vc_column_inner column_width_percent=&#8221;100&#8243; position_vertical=&#8221;middle&#8221; gutter_size=&#8221;3&#8243; overlay_alpha=&#8221;50&#8243; shift_x=&#8221;0&#8243; shift_y=&#8221;0&#8243; shift_y_down=&#8221;0&#8243; z_index=&#8221;0&#8243; medium_width=&#8221;0&#8243; mobile_width=&#8221;0&#8243; width=&#8221;1\/2&#8243; uncode_shortcode_id=&#8221;212407&#8243;][vc_custom_heading uncode_shortcode_id=&#8221;210830&#8243;]Aktualno\u015bci[\/vc_custom_heading][\/vc_column_inner][vc_column_inner column_width_percent=&#8221;100&#8243; position_vertical=&#8221;middle&#8221; align_horizontal=&#8221;align_right&#8221; gutter_size=&#8221;3&#8243; overlay_alpha=&#8221;50&#8243; shift_x=&#8221;0&#8243; shift_y=&#8221;0&#8243; shift_y_down=&#8221;0&#8243; z_index=&#8221;0&#8243; medium_width=&#8221;0&#8243; mobile_width=&#8221;0&#8243; width=&#8221;1\/2&#8243; uncode_shortcode_id=&#8221;185344&#8243;][vc_button button_color=&#8221;color-wayh&#8221; size=&#8221;btn-sm&#8221; outline=&#8221;yes&#8221; border_width=&#8221;0&#8243; button_color_type=&#8221;uncode-palette&#8221; uncode_shortcode_id=&#8221;376058&#8243;]ZOBACZ WSZYSTKIE[\/vc_button][\/vc_column_inner][\/vc_row_inner][uncode_index el_id=&#8221;index-161834&#8243; loop=&#8221;size:9|order_by:date|post_type:post|categories:7|taxonomy_count:10&#8243; screen_lg=&#8221;1000&#8243; screen_md=&#8221;600&#8243; screen_sm=&#8221;480&#8243; gutter_size=&#8221;4&#8243; post_items=&#8221;media|featured|onpost|original,spacer|one,date,title,text|excerpt|150,link|default|small_size,icon|sm&#8221; images_size=&#8221;sixteen-nine&#8221; single_shape=&#8221;round&#8221; radius=&#8221;xl&#8221; single_overlay_color=&#8221;color-210407&#8243; single_overlay_opacity=&#8221;80&#8243; single_image_magnetic=&#8221;yes&#8221; single_padding=&#8221;0&#8243; single_thumb_hover=&#8221;yes&#8221; single_title_semantic=&#8221;h5&#8243; single_title_dimension=&#8221;h5&#8243; single_border=&#8221;yes&#8221; single_css_animation=&#8221;right-t-left&#8221; single_animation_speed=&#8221;700&#8243; single_animation_delay=&#8221;400&#8243; uncode_shortcode_id=&#8221;133222&#8243; single_icon=&#8221;fa fa-plus2&#8243;][\/vc_column][\/vc_row][vc_row unlock_row_content=&#8221;yes&#8221; row_height_percent=&#8221;0&#8243; override_padding=&#8221;yes&#8221; h_padding=&#8221;7&#8243; top_padding=&#8221;4&#8243; bottom_padding=&#8221;4&#8243; back_color=&#8221;color-lxmt&#8221; overlay_alpha=&#8221;50&#8243; gutter_size=&#8221;3&#8243; column_width_percent=&#8221;100&#8243; shift_y=&#8221;0&#8243; z_index=&#8221;0&#8243; uncode_shortcode_id=&#8221;207118&#8243; back_color_type=&#8221;uncode-palette&#8221;][vc_column width=&#8221;1\/1&#8243;][vc_row_inner][vc_column_inner column_width_percent=&#8221;100&#8243; position_vertical=&#8221;middle&#8221; gutter_size=&#8221;3&#8243; overlay_alpha=&#8221;50&#8243; shift_x=&#8221;0&#8243; shift_y=&#8221;0&#8243; shift_y_down=&#8221;0&#8243; z_index=&#8221;0&#8243; medium_width=&#8221;0&#8243; mobile_width=&#8221;0&#8243; width=&#8221;1\/2&#8243; uncode_shortcode_id=&#8221;212407&#8243;][vc_custom_heading uncode_shortcode_id=&#8221;338255&#8243;]Galeria[\/vc_custom_heading][\/vc_column_inner][vc_column_inner column_width_percent=&#8221;100&#8243; position_vertical=&#8221;middle&#8221; align_horizontal=&#8221;align_right&#8221; gutter_size=&#8221;3&#8243; overlay_alpha=&#8221;50&#8243; shift_x=&#8221;0&#8243; shift_y=&#8221;0&#8243; shift_y_down=&#8221;0&#8243; z_index=&#8221;0&#8243; medium_width=&#8221;0&#8243; mobile_width=&#8221;0&#8243; width=&#8221;1\/2&#8243; uncode_shortcode_id=&#8221;185344&#8243;][vc_button button_color=&#8221;color-wayh&#8221; size=&#8221;btn-sm&#8221; outline=&#8221;yes&#8221; border_width=&#8221;0&#8243; button_color_type=&#8221;uncode-palette&#8221; uncode_shortcode_id=&#8221;376058&#8243;]ZOBACZ WSZYSTKIE[\/vc_button][\/vc_column_inner][\/vc_row_inner][vc_gallery el_id=&#8221;gallery-639208&#8243; type=&#8221;carousel&#8221; medias=&#8221;19,20,21&#8243; carousel_lg=&#8221;2&#8243; carousel_md=&#8221;2&#8243; carousel_sm=&#8221;1&#8243; thumb_size=&#8221;four-three&#8221; gutter_size=&#8221;3&#8243; carousel_v_align=&#8221;middle&#8221; carousel_interval=&#8221;3000&#8243; carousel_navspeed=&#8221;400&#8243; carousel_loop=&#8221;yes&#8221; carousel_overflow=&#8221;yes&#8221; stage_padding=&#8221;35&#8243; single_shape=&#8221;round&#8221; radius=&#8221;xl&#8221; single_overlay_color=&#8221;color-210407&#8243; single_overlay_opacity=&#8221;80&#8243; single_image_magnetic=&#8221;yes&#8221; single_h_align=&#8221;center&#8221; single_padding=&#8221;2&#8243; single_icon=&#8221;fa fa-plus2&#8243; single_border=&#8221;yes&#8221; single_css_animation=&#8221;alpha-anim&#8221; post_matrix=&#8221;matrix&#8221; matrix_amount=&#8221;6&#8243; uncode_shortcode_id=&#8221;168321&#8243; matrix_items=&#8221;e30=&#8221;][\/vc_column][\/vc_row][vc_row row_height_percent=&#8221;0&#8243; override_padding=&#8221;yes&#8221; h_padding=&#8221;0&#8243; top_padding=&#8221;4&#8243; bottom_padding=&#8221;4&#8243; back_color=&#8221;color-xsdn&#8221; overlay_alpha=&#8221;50&#8243; gutter_size=&#8221;3&#8243; column_width_percent=&#8221;100&#8243; shift_y=&#8221;0&#8243; z_index=&#8221;0&#8243; uncode_shortcode_id=&#8221;173993&#8243; back_color_type=&#8221;uncode-palette&#8221;][vc_column width=&#8221;1\/1&#8243;][vc_row_inner][vc_column_inner column_width_percent=&#8221;100&#8243; align_horizontal=&#8221;align_center&#8221; gutter_size=&#8221;3&#8243; override_padding=&#8221;yes&#8221; column_padding=&#8221;2&#8243; overlay_alpha=&#8221;50&#8243; shift_x=&#8221;0&#8243; shift_y=&#8221;0&#8243; shift_y_down=&#8221;0&#8243; z_index=&#8221;0&#8243; medium_width=&#8221;0&#8243; mobile_width=&#8221;0&#8243; width=&#8221;1\/3&#8243; uncode_shortcode_id=&#8221;203663&#8243;][vc_icon icon=&#8221;fa fa-futbol-o&#8221; icon_color=&#8221;color-210407&#8243; size=&#8221;fa-3x&#8221; text_size=&#8221;h4&#8243; uncode_shortcode_id=&#8221;982876&#8243; icon_color_type=&#8221;uncode-palette&#8221; title=&#8221;Doskona\u0142e mo\u017cliwo\u015bci treningowe&#8221;]Posiadamy nowoczesne obiekty sportowe, takie jak boiska, hale sportowe, baseny i sale do \u0107wicze\u0144, kt\u00f3re umo\u017cliwiaj\u0105 naszym uczniom rozwijanie swoich umiej\u0119tno\u015bci w komfortowych i profesjonalnych warunkach[\/vc_icon][\/vc_column_inner][vc_column_inner column_width_percent=&#8221;100&#8243; align_horizontal=&#8221;align_center&#8221; gutter_size=&#8221;3&#8243; override_padding=&#8221;yes&#8221; column_padding=&#8221;2&#8243; overlay_alpha=&#8221;50&#8243; shift_x=&#8221;0&#8243; shift_y=&#8221;0&#8243; shift_y_down=&#8221;0&#8243; z_index=&#8221;0&#8243; medium_width=&#8221;0&#8243; mobile_width=&#8221;0&#8243; width=&#8221;1\/3&#8243; uncode_shortcode_id=&#8221;140394&#8243;][vc_icon icon=&#8221;fa fa-trophy2&#8243; icon_color=&#8221;color-210407&#8243; size=&#8221;fa-3x&#8221; text_size=&#8221;h4&#8243; uncode_shortcode_id=&#8221;245319&#8243; icon_color_type=&#8221;uncode-palette&#8221; title=&#8221;Sukcesy sportowe&#8221;]Nasza szko\u0142a sportowa ma bogat\u0105 histori\u0119 sukces\u00f3w sportowych na r\u00f3\u017cnych szczeblach, od lokalnych turniej\u00f3w po zawody krajowe i mi\u0119dzynarodowe[\/vc_icon][\/vc_column_inner][vc_column_inner column_width_percent=&#8221;100&#8243; align_horizontal=&#8221;align_center&#8221; gutter_size=&#8221;3&#8243; override_padding=&#8221;yes&#8221; column_padding=&#8221;2&#8243; overlay_alpha=&#8221;50&#8243; shift_x=&#8221;0&#8243; shift_y=&#8221;0&#8243; shift_y_down=&#8221;0&#8243; z_index=&#8221;0&#8243; medium_width=&#8221;0&#8243; mobile_width=&#8221;0&#8243; width=&#8221;1\/3&#8243; uncode_shortcode_id=&#8221;166655&#8243;][vc_icon icon=&#8221;fa fa-target2&#8243; icon_color=&#8221;color-210407&#8243; size=&#8221;fa-3x&#8221; text_size=&#8221;h4&#8243; uncode_shortcode_id=&#8221;937326&#8243; icon_color_type=&#8221;uncode-palette&#8221; title=&#8221;Edukacja&#8221;]Nasza szko\u0142a zapewnia wysoki poziom edukacji, skupiaj\u0105c si\u0119 na rozwijaniu intelektualnych, kreatywnych i spo\u0142ecznych umiej\u0119tno\u015bci uczni\u00f3w.[\/vc_icon][\/vc_column_inner][\/vc_row_inner][\/vc_column][\/vc_row][vc_row unlock_row_content=&#8221;yes&#8221; row_height_percent=&#8221;0&#8243; override_padding=&#8221;yes&#8221; h_padding=&#8221;7&#8243; top_padding=&#8221;1&#8243; bottom_padding=&#8221;4&#8243; back_color=&#8221;color-xsdn&#8221; overlay_alpha=&#8221;50&#8243; equal_height=&#8221;yes&#8221; gutter_size=&#8221;0&#8243; column_width_percent=&#8221;100&#8243; shift_y=&#8221;0&#8243; z_index=&#8221;0&#8243; uncode_shortcode_id=&#8221;590907&#8243; back_color_type=&#8221;uncode-palette&#8221;][vc_column column_width_percent=&#8221;100&#8243; position_vertical=&#8221;middle&#8221; gutter_size=&#8221;3&#8243; override_padding=&#8221;yes&#8221; column_padding=&#8221;0&#8243; overlay_alpha=&#8221;50&#8243; shift_x=&#8221;0&#8243; shift_y=&#8221;0&#8243; shift_y_down=&#8221;0&#8243; z_index=&#8221;0&#8243; medium_width=&#8221;0&#8243; mobile_width=&#8221;0&#8243; width=&#8221;1\/1&#8243; uncode_shortcode_id=&#8221;244054&#8243;][vc_row_inner row_inner_height_percent=&#8221;0&#8243; overlay_alpha=&#8221;50&#8243; equal_height=&#8221;yes&#8221; gutter_size=&#8221;0&#8243; shift_y=&#8221;0&#8243; z_index=&#8221;0&#8243; uncode_shortcode_id=&#8221;310113&#8243;][vc_column_inner width=&#8221;1\/2&#8243;][vc_single_image media=&#8221;23&#8243; media_width_percent=&#8221;100&#8243; shape=&#8221;img-round&#8221; radius=&#8221;xl&#8221; shadow=&#8221;yes&#8221; shadow_weight=&#8221;std&#8221; uncode_shortcode_id=&#8221;284316&#8243;][\/vc_column_inner][vc_column_inner column_width_percent=&#8221;100&#8243; position_vertical=&#8221;middle&#8221; align_horizontal=&#8221;align_center&#8221; gutter_size=&#8221;3&#8243; override_padding=&#8221;yes&#8221; column_padding=&#8221;3&#8243; style=&#8221;dark&#8221; back_color=&#8221;color-210407&#8243; overlay_alpha=&#8221;50&#8243; shift_x=&#8221;-2&#8243; shift_y=&#8221;0&#8243; shift_y_down=&#8221;0&#8243; z_index=&#8221;0&#8243; medium_width=&#8221;0&#8243; mobile_width=&#8221;0&#8243; radius=&#8221;xl&#8221; width=&#8221;1\/2&#8243; uncode_shortcode_id=&#8221;941118&#8243; back_color_type=&#8221;uncode-palette&#8221;][vc_custom_heading text_size=&#8221;h4&#8243; uncode_shortcode_id=&#8221;206909&#8243;]Nab\u00f3r do IV klasy Szko\u0142y Podstawowej[\/vc_custom_heading][vc_column_text uncode_shortcode_id=&#8221;967469&#8243;]Og\u0142aszamy nab\u00f3r uzupe\u0142niaj\u0105cy do VI klasy Szko\u0142y Podstawowej Mistrzostwa Sportowego BBTS Podbeskidzie.<br \/>\n<strong>Informacje:<\/strong><br \/>\nTrener Mateusz Gazda<br \/>\ntel. 602 756 222[\/vc_column_text][vc_button size=&#8221;btn-sm&#8221; outline=&#8221;yes&#8221; border_width=&#8221;0&#8243; link=&#8221;url:%2Fszkola%2Fsystem-naboru%2F|title:System%20naboru&#8221; uncode_shortcode_id=&#8221;585139&#8243;]Wi\u0119cej informacji[\/vc_button][\/vc_column_inner][\/vc_row_inner][\/vc_column][\/vc_row]<\/p>\n","protected":false},"excerpt":{"rendered":"<p>[vc_row unlock_row_content=&#8221;yes&#8221; row_height_percent=&#8221;0&#8243; override_padding=&#8221;yes&#8221; h_padding=&#8221;7&#8243; top_padding=&#8221;2&#8243; bottom_padding=&#8221;0&#8243; overlay_alpha=&#8221;50&#8243; equal_height=&#8221;yes&#8221; gutter_size=&#8221;3&#8243; column_width_percent=&#8221;100&#8243; shift_y=&#8221;0&#8243; z_index=&#8221;0&#8243; uncode_shortcode_id=&#8221;403468&#8243;][vc_column column_width_percent=&#8221;100&#8243; position_vertical=&#8221;middle&#8221; gutter_size=&#8221;3&#8243; override_padding=&#8221;yes&#8221; column_padding=&#8221;3&#8243; style=&#8221;dark&#8221; [&hellip;]<\/p>\n","protected":false},"author":1,"featured_media":0,"parent":0,"menu_order":0,"comment_status":"closed","ping_status":"open","template":"","meta":[],"_links":{"self":[{"href":"https:\/\/bbts.pl\/szkola\/wp-json\/wp\/v2\/pages\/2"}],"collection":[{"href":"https:\/\/bbts.pl\/szkola\/wp-json\/wp\/v2\/pages"}],"about":[{"href":"https:\/\/bbts.pl\/szkola\/wp-json\/wp\/v2\/types\/page"}],"author":[{"embeddable":true,"href":"https:\/\/bbts.pl\/szkola\/wp-json\/wp\/v2\/users\/1"}],"replies":[{"embeddable":true,"href":"https:\/\/bbts.pl\/szkola\/wp-json\/wp\/v2\/comments?post=2"}],"version-history":[{"count":10,"href":"https:\/\/bbts.pl\/szkola\/wp-json\/wp\/v2\/pages\/2\/revisions"}],"predecessor-version":[{"id":140,"href":"https:\/\/bbts.pl\/szkola\/wp-json\/wp\/v2\/pages\/2\/revisions\/140"}],"wp:attachment":[{"href":"https:\/\/bbts.pl\/szkola\/wp-json\/wp\/v2\/media?parent=2"}],"curies":[{"name":"wp","href":"https:\/\/api.w.org\/{rel}","templated":true}]}}