{"id":171,"date":"2023-06-16T13:49:37","date_gmt":"2023-06-16T11:49:37","guid":{"rendered":"https:\/\/bbts.pl\/szkola\/?page_id=171"},"modified":"2024-06-19T11:29:14","modified_gmt":"2024-06-19T09:29:14","slug":"regulamin-oplat-za-czesne","status":"publish","type":"page","link":"https:\/\/bbts.pl\/szkola\/regulamin-oplat-za-czesne\/","title":{"rendered":"Regulamin op\u0142at za czesne"},"content":{"rendered":"<p>[vc_row unlock_row_content=&#8221;yes&#8221; row_height_percent=&#8221;0&#8243; override_padding=&#8221;yes&#8221; h_padding=&#8221;2&#8243; top_padding=&#8221;3&#8243; bottom_padding=&#8221;3&#8243; back_image=&#8221;16&#8243; overlay_color=&#8221;color-210407&#8243; overlay_alpha=&#8221;90&#8243; gutter_size=&#8221;3&#8243; column_width_percent=&#8221;100&#8243; shift_y=&#8221;0&#8243; z_index=&#8221;0&#8243; uncode_shortcode_id=&#8221;149341&#8243; overlay_color_type=&#8221;uncode-palette&#8221;][vc_column column_width_percent=&#8221;100&#8243; position_vertical=&#8221;middle&#8221; align_horizontal=&#8221;align_center&#8221; gutter_size=&#8221;3&#8243; style=&#8221;dark&#8221; overlay_alpha=&#8221;50&#8243; shift_x=&#8221;0&#8243; shift_y=&#8221;0&#8243; shift_y_down=&#8221;0&#8243; z_index=&#8221;0&#8243; medium_width=&#8221;0&#8243; mobile_width=&#8221;0&#8243; width=&#8221;1\/1&#8243; uncode_shortcode_id=&#8221;144576&#8243;][vc_custom_heading text_size=&#8221;h4&#8243; uncode_shortcode_id=&#8221;169391&#8243;]<strong>REGULAMIN OP\u0141AT ZA CZESNE W SZKO\u0141ACH MISTRZOSTWA SPORTOWEGO BBTS<\/strong>[\/vc_custom_heading][\/vc_column][\/vc_row][vc_row row_height_percent=&#8221;0&#8243; override_padding=&#8221;yes&#8221; h_padding=&#8221;2&#8243; top_padding=&#8221;3&#8243; bottom_padding=&#8221;3&#8243; overlay_alpha=&#8221;50&#8243; gutter_size=&#8221;3&#8243; column_width_percent=&#8221;100&#8243; shift_y=&#8221;0&#8243; z_index=&#8221;0&#8243; uncode_shortcode_id=&#8221;120609&#8243;][vc_column width=&#8221;1\/1&#8243;][vc_column_text uncode_shortcode_id=&#8221;158702&#8243;]<\/p>\n<h3><strong>Czesne SPMS i LOMS<\/strong><\/h3>\n<p style=\"text-align: justify;line-height: 150%\"><span lang=\"PL\">Czesne w roku szkolnym 2024 \/ 2025 wynosi 300 z\u0142 miesi\u0119cznie dla uczni\u00f3w Szko\u0142y Podstawowej i Liceum Og\u00f3lnokszta\u0142c\u0105cego. Czesne p\u0142atne do 10-ego dnia ka\u017cdego miesi\u0105ca pobierane jest za dwana\u015bcie miesi\u0119cy w roku kalendarzowym (miesi\u0105ce wrzesie\u0144 \u2013 sierpie\u0144).<br \/>\nUmowa o kszta\u0142cenie dziecka w szkole zawarta pomi\u0119dzy rodzicami \/ opiekunami prawnymi, a organem prowadz\u0105cym zobowi\u0105zuje rodzic\u00f3w \/ prawnych opiekun\u00f3w do wnoszenia op\u0142at z tytu\u0142u czesnego oraz ewentualnych innych op\u0142at takich jak koszty uczestnictwa dziecka w wycieczkach, spektaklach teatralnych, muzycznych, seansach kinowych, obowi\u0105zkowych obozach sportowych oraz cz\u0119\u015bciowe koszty zwi\u0105zane z zakupem sprz\u0119tu sportowego itp. <\/span><\/p>\n<p style=\"text-align: justify;line-height: 150%\"><span lang=\"PL\">Zaleg\u0142o\u015bci we wnoszeniu op\u0142at czesnego przekraczaj\u0105ce dwa miesi\u0105ce upowa\u017cniaj\u0105 organ prowadz\u0105cy do rozwi\u0105zania umowy o kszta\u0142cenie dziecka z ko\u0144cem roku szkolnego lub w jego trakcie, po uprawomocnieniu si\u0119 decyzji o skre\u015bleniu ucznia z listy uczni\u00f3w. W szczeg\u00f3lnych przypadkach organ prowadz\u0105cy zastrzega sobie prawo zwolni\u0107 danego ucznia z op\u0142at czesnego, na pisemn\u0105 pro\u015bb\u0119 rodzic\u00f3w (prawnych opiekun\u00f3w) wraz z uzasadnieniem, po do\u0142\u0105czeniu stosownych dokument\u00f3w, potwierdzaj\u0105cych trudn\u0105 sytuacj\u0119 finansow\u0105.<\/span><\/p>\n<p><strong><span lang=\"PL\">\u00a0<\/span><\/strong><\/p>\n<p><b><span lang=\"PL\">Wp\u0142at nale\u017cy dokonywa\u0107 w systemie ProTrainUp.<\/span><\/b>[\/vc_column_text][\/vc_column][\/vc_row]<\/p>\n","protected":false},"excerpt":{"rendered":"<p>[vc_row unlock_row_content=&#8221;yes&#8221; row_height_percent=&#8221;0&#8243; override_padding=&#8221;yes&#8221; h_padding=&#8221;2&#8243; top_padding=&#8221;3&#8243; bottom_padding=&#8221;3&#8243; back_image=&#8221;16&#8243; overlay_color=&#8221;color-210407&#8243; overlay_alpha=&#8221;90&#8243; gutter_size=&#8221;3&#8243; column_width_percent=&#8221;100&#8243; shift_y=&#8221;0&#8243; z_index=&#8221;0&#8243; uncode_shortcode_id=&#8221;149341&#8243; overlay_color_type=&#8221;uncode-palette&#8221;][vc_column column_width_percent=&#8221;100&#8243; position_vertical=&#8221;middle&#8221; align_horizontal=&#8221;align_center&#8221; gutter_size=&#8221;3&#8243; [&hellip;]<\/p>\n","protected":false},"author":2,"featured_media":128,"parent":0,"menu_order":0,"comment_status":"closed","ping_status":"closed","template":"","meta":[],"_links":{"self":[{"href":"https:\/\/bbts.pl\/szkola\/wp-json\/wp\/v2\/pages\/171"}],"collection":[{"href":"https:\/\/bbts.pl\/szkola\/wp-json\/wp\/v2\/pages"}],"about":[{"href":"https:\/\/bbts.pl\/szkola\/wp-json\/wp\/v2\/types\/page"}],"author":[{"embeddable":true,"href":"https:\/\/bbts.pl\/szkola\/wp-json\/wp\/v2\/users\/2"}],"replies":[{"embeddable":true,"href":"https:\/\/bbts.pl\/szkola\/wp-json\/wp\/v2\/comments?post=171"}],"version-history":[{"count":2,"href":"https:\/\/bbts.pl\/szkola\/wp-json\/wp\/v2\/pages\/171\/revisions"}],"predecessor-version":[{"id":255,"href":"https:\/\/bbts.pl\/szkola\/wp-json\/wp\/v2\/pages\/171\/revisions\/255"}],"wp:featuredmedia":[{"embeddable":true,"href":"https:\/\/bbts.pl\/szkola\/wp-json\/wp\/v2\/media\/128"}],"wp:attachment":[{"href":"https:\/\/bbts.pl\/szkola\/wp-json\/wp\/v2\/media?parent=171"}],"curies":[{"name":"wp","href":"https:\/\/api.w.org\/{rel}","templated":true}]}}