{"id":350,"date":"2023-01-17T17:23:58","date_gmt":"2023-01-17T16:23:58","guid":{"rendered":"http:\/\/qfbznlr.cluster030.hosting.ovh.net\/akademia\/?page_id=350"},"modified":"2023-01-19T19:14:12","modified_gmt":"2023-01-19T18:14:12","slug":"wychowankowie","status":"publish","type":"page","link":"https:\/\/bbts.pl\/akademia\/wychowankowie\/","title":{"rendered":"Wychowankowie"},"content":{"rendered":"<p>[vc_row unlock_row_content=&#8221;yes&#8221; row_height_percent=&#8221;0&#8243; override_padding=&#8221;yes&#8221; h_padding=&#8221;2&#8243; top_padding=&#8221;3&#8243; bottom_padding=&#8221;3&#8243; back_image=&#8221;16&#8243; overlay_color=&#8221;color-210407&#8243; overlay_alpha=&#8221;90&#8243; gutter_size=&#8221;3&#8243; column_width_percent=&#8221;100&#8243; shift_y=&#8221;0&#8243; z_index=&#8221;0&#8243; uncode_shortcode_id=&#8221;149341&#8243; overlay_color_type=&#8221;uncode-palette&#8221;][vc_column column_width_percent=&#8221;100&#8243; position_vertical=&#8221;middle&#8221; align_horizontal=&#8221;align_center&#8221; gutter_size=&#8221;3&#8243; style=&#8221;dark&#8221; overlay_alpha=&#8221;50&#8243; shift_x=&#8221;0&#8243; shift_y=&#8221;0&#8243; shift_y_down=&#8221;0&#8243; z_index=&#8221;0&#8243; medium_width=&#8221;0&#8243; mobile_width=&#8221;0&#8243; width=&#8221;1\/1&#8243; uncode_shortcode_id=&#8221;144576&#8243;][vc_custom_heading text_size=&#8221;h4&#8243; uncode_shortcode_id=&#8221;902935&#8243;]Wychowankowie[\/vc_custom_heading][\/vc_column][\/vc_row][vc_row][vc_column width=&#8221;1\/2&#8243;][vc_icon icon_image=&#8221;5&#8243; media_size=&#8221;70&#8243; uncode_shortcode_id=&#8221;129040&#8243;][\/vc_icon][vc_column_text uncode_shortcode_id=&#8221;182407&#8243;]Wychowankowie s\u0105 wizyt\u00f3wk\u0105 Akademii, a ich sukcesy osi\u0105gane na ligowych boiskach s\u0105 powodem do dumy dla ca\u0142ej spo\u0142eczno\u015bci BBTS Podbeskidzie. Od kilku lat nasi absolwenci regularnie przebijaj\u0105 si\u0119 do pierwszego zespo\u0142u naszego klubu i otrzymuj\u0105 szans\u0119 wyst\u0119p\u00f3w przed bielskimi kibicami.<br \/>\nNajlepsi z nich otrzymuj\u0105 te\u017c powo\u0142ania do reprezentacji Polski, godnie reprezentuj\u0105c nasz kraj w rozgrywkach mi\u0119dzypa\u0144stwowych. W minionym sezonie debiut na poziomie pierwszoligowym zaliczy\u0142 szesnastoletni Bartosz Biero\u0144ski, a tak\u017ce Bartosz Bernard oraz Micha\u0142 Willmann, jednak w kadrze Podbeskidzia mamy znacznie szersz\u0105 reprezentacj\u0119:[\/vc_column_text][\/vc_column][vc_column width=&#8221;1\/2&#8243;][vc_column_text uncode_shortcode_id=&#8221;178323&#8243;]W kadrze Podbeskidzia grali:<\/p>\n<p>&#8211; Bartosz Bernard (2003)<br \/>\n&#8211; Jakub Biero\u0144ski (2004)<br \/>\n&#8211; Bartosz Biero\u0144ski (2006)<br \/>\n&#8211; Daniel Miko\u0142ajewski (1999)<br \/>\n&#8211; Krystian Wieczorek (2002)<br \/>\n&#8211; Micha\u0142 Willmann (2004)<\/p>\n<p>Nasi wychowankowie w innych zespo\u0142ach:<br \/>\n&#8211; Damian Byrtek, Chojniczanka Chojnice (Wis\u0142a P\u0142ock, Skra Cz\u0119stochowa)<br \/>\n&#8211; Kacper Gach, Sandecja Nowy S\u0105cz (Widzew \u0141\u00f3d\u017a)<br \/>\n&#8211; Damian Nowak MKP Pogo\u0144 Siedlce (Radomiak Radom, GKS Tychy, Skra Cz\u0119stochowa)<\/p>\n<p>Konrad Gutowski, Olimpia Elbl\u0105g (Widzew \u0141\u00f3d\u017a)<br \/>\nKacper Kostorz, Pogo\u0144 Szczecin (Legia Warszawa)<br \/>\nSebastian Madejski, Cracovia (Motor Lublin)<br \/>\nSzymon Jarosz, Polonia Warszawa (Stal Stalowa Wola, Stomil Olsztyn)[\/vc_column_text][\/vc_column][\/vc_row][vc_row row_height_percent=&#8221;0&#8243; override_padding=&#8221;yes&#8221; h_padding=&#8221;1&#8243; top_padding=&#8221;3&#8243; bottom_padding=&#8221;3&#8243; back_color=&#8221;color-lxmt&#8221; overlay_alpha=&#8221;50&#8243; gutter_size=&#8221;3&#8243; column_width_percent=&#8221;100&#8243; shift_y=&#8221;0&#8243; z_index=&#8221;0&#8243; uncode_shortcode_id=&#8221;178960&#8243; back_color_type=&#8221;uncode-palette&#8221;][vc_column width=&#8221;1\/1&#8243;][uncode_index el_id=&#8221;index-564466&#8243; loop=&#8221;size:All|order_by:date|post_type:post|categories:6|taxonomy_count:10&#8243; style_preset=&#8221;metro&#8221; screen_lg=&#8221;1000&#8243; screen_md=&#8221;600&#8243; screen_sm=&#8221;480&#8243; gutter_size=&#8221;3&#8243; post_items=&#8221;media|featured|lightbox|original,title,sep-one|full,text|full,icon|sm&#8221; single_text=&#8221;lateral&#8221; single_width=&#8221;6&#8243; single_image_size=&#8221;5&#8243; single_back_color=&#8221;color-xsdn&#8221; single_shape=&#8221;round&#8221; radius=&#8221;xl&#8221; single_overlay_color=&#8221;color-210407&#8243; single_overlay_opacity=&#8221;70&#8243; single_image_magnetic=&#8221;yes&#8221; single_vertical_text=&#8221;middle&#8221; single_padding=&#8221;2&#8243; single_title_dimension=&#8221;h5&#8243; single_text_lead=&#8221;small&#8221; single_border=&#8221;yes&#8221; single_css_animation=&#8221;alpha-anim&#8221; uncode_shortcode_id=&#8221;116214&#8243; single_icon=&#8221;fa fa-plus2&#8243;][\/vc_column][\/vc_row]<\/p>\n","protected":false},"excerpt":{"rendered":"<p>[vc_row unlock_row_content=&#8221;yes&#8221; row_height_percent=&#8221;0&#8243; override_padding=&#8221;yes&#8221; h_padding=&#8221;2&#8243; top_padding=&#8221;3&#8243; bottom_padding=&#8221;3&#8243; back_image=&#8221;16&#8243; overlay_color=&#8221;color-210407&#8243; overlay_alpha=&#8221;90&#8243; gutter_size=&#8221;3&#8243; column_width_percent=&#8221;100&#8243; shift_y=&#8221;0&#8243; z_index=&#8221;0&#8243; uncode_shortcode_id=&#8221;149341&#8243; overlay_color_type=&#8221;uncode-palette&#8221;][vc_column column_width_percent=&#8221;100&#8243; position_vertical=&#8221;middle&#8221; align_horizontal=&#8221;align_center&#8221; gutter_size=&#8221;3&#8243; [&hellip;]<\/p>\n","protected":false},"author":2,"featured_media":0,"parent":0,"menu_order":0,"comment_status":"closed","ping_status":"closed","template":"","meta":[],"_links":{"self":[{"href":"https:\/\/bbts.pl\/akademia\/wp-json\/wp\/v2\/pages\/350"}],"collection":[{"href":"https:\/\/bbts.pl\/akademia\/wp-json\/wp\/v2\/pages"}],"about":[{"href":"https:\/\/bbts.pl\/akademia\/wp-json\/wp\/v2\/types\/page"}],"author":[{"embeddable":true,"href":"https:\/\/bbts.pl\/akademia\/wp-json\/wp\/v2\/users\/2"}],"replies":[{"embeddable":true,"href":"https:\/\/bbts.pl\/akademia\/wp-json\/wp\/v2\/comments?post=350"}],"version-history":[{"count":8,"href":"https:\/\/bbts.pl\/akademia\/wp-json\/wp\/v2\/pages\/350\/revisions"}],"predecessor-version":[{"id":384,"href":"https:\/\/bbts.pl\/akademia\/wp-json\/wp\/v2\/pages\/350\/revisions\/384"}],"wp:attachment":[{"href":"https:\/\/bbts.pl\/akademia\/wp-json\/wp\/v2\/media?parent=350"}],"curies":[{"name":"wp","href":"https:\/\/api.w.org\/{rel}","templated":true}]}}