{"id":2,"date":"2022-09-29T11:09:21","date_gmt":"2022-09-29T09:09:21","guid":{"rendered":"http:\/\/qfbznlr.cluster030.hosting.ovh.net\/szkola\/?page_id=2"},"modified":"2023-03-15T11:20:30","modified_gmt":"2023-03-15T10:20:30","slug":"przykladowa-strona","status":"publish","type":"page","link":"https:\/\/bbts.pl\/akademia\/","title":{"rendered":"Akademia BBTS"},"content":{"rendered":"<p>[vc_row unlock_row_content=&#8221;yes&#8221; row_height_percent=&#8221;0&#8243; override_padding=&#8221;yes&#8221; h_padding=&#8221;7&#8243; top_padding=&#8221;2&#8243; bottom_padding=&#8221;0&#8243; overlay_alpha=&#8221;50&#8243; equal_height=&#8221;yes&#8221; gutter_size=&#8221;3&#8243; column_width_percent=&#8221;100&#8243; shift_y=&#8221;0&#8243; z_index=&#8221;0&#8243; uncode_shortcode_id=&#8221;403468&#8243;][vc_column column_width_percent=&#8221;100&#8243; gutter_size=&#8221;3&#8243; override_padding=&#8221;yes&#8221; column_padding=&#8221;3&#8243; style=&#8221;dark&#8221; back_color=&#8221;color-vyce&#8221; back_image=&#8221;29&#8243; kburns=&#8221;magnetic&#8221; overlay_color=&#8221;color-vyce&#8221; overlay_alpha=&#8221;90&#8243; shift_x=&#8221;0&#8243; shift_y=&#8221;0&#8243; shift_y_down=&#8221;0&#8243; z_index=&#8221;0&#8243; medium_width=&#8221;0&#8243; mobile_width=&#8221;0&#8243; css_animation=&#8221;bottom-t-top&#8221; animation_speed=&#8221;700&#8243; radius=&#8221;xl&#8221; width=&#8221;1\/3&#8243; uncode_shortcode_id=&#8221;134015&#8243; back_color_type=&#8221;uncode-palette&#8221; overlay_color_type=&#8221;uncode-palette&#8221;][vc_custom_heading text_size=&#8221;h4&#8243; uncode_shortcode_id=&#8221;210410&#8243;]Akademia regionu[\/vc_custom_heading][vc_column_text uncode_shortcode_id=&#8221;123452&#8243;]Akademia BBTS Podbeskidzie ju\u017c od dwudziestu lat kszta\u0142ci m\u0142odych adept\u00f3w pi\u0142ki no\u017cnej z regionu Podbeskidzia. Zawarto\u015b\u0107 treningowa na poszczeg\u00f3lnych etapach szkolenia dostosowana jest do indywidualnego rozwoju naszych zawodnik\u00f3w, jednak proces edukacji wybiega poza ramy \u015bci\u015ble sportowe.[\/vc_column_text][vc_button size=&#8221;btn-sm&#8221; border_animation=&#8221;btn-ripple-out&#8221; outline=&#8221;yes&#8221; border_width=&#8221;0&#8243; link=&#8221;url:%2Fakademia%2Fakademia-regionu%2F|title:Akademia%20regionu&#8221; uncode_shortcode_id=&#8221;157941&#8243;]WI\u0118CEJ[\/vc_button][\/vc_column][vc_column column_width_percent=&#8221;100&#8243; gutter_size=&#8221;3&#8243; override_padding=&#8221;yes&#8221; column_padding=&#8221;3&#8243; style=&#8221;dark&#8221; back_color=&#8221;color-210407&#8243; back_image=&#8221;24&#8243; kburns=&#8221;magnetic&#8221; overlay_color=&#8221;color-210407&#8243; overlay_alpha=&#8221;85&#8243; shift_x=&#8221;0&#8243; shift_y=&#8221;0&#8243; shift_y_down=&#8221;0&#8243; z_index=&#8221;0&#8243; medium_width=&#8221;0&#8243; mobile_width=&#8221;0&#8243; css_animation=&#8221;bottom-t-top&#8221; animation_speed=&#8221;600&#8243; animation_delay=&#8221;500&#8243; radius=&#8221;xl&#8221; width=&#8221;1\/3&#8243; uncode_shortcode_id=&#8221;937457&#8243; back_color_type=&#8221;uncode-palette&#8221; overlay_color_type=&#8221;uncode-palette&#8221;][vc_custom_heading text_size=&#8221;h4&#8243; uncode_shortcode_id=&#8221;214686&#8243;]\u015acie\u017cka rozwoju zawodnika[\/vc_custom_heading][vc_column_text uncode_shortcode_id=&#8221;193796&#8243;]Wi\u0119kszo\u015b\u0107 zawodnik\u00f3w trafia do Akademii ju\u017c wieku skrzat\u00f3w, gdzie pod czujnym okiem trener\u00f3w i animator\u00f3w maj\u0105 okazj\u0119 pozna\u0107 charakterystyk\u0119 pi\u0142ki no\u017cnej, rozwijaj\u0105c przy tym zdolno\u015bci og\u00f3lnosprawno\u015bciowe.[\/vc_column_text][vc_button size=&#8221;btn-sm&#8221; border_animation=&#8221;btn-ripple-out&#8221; outline=&#8221;yes&#8221; border_width=&#8221;0&#8243; link=&#8221;url:%2Fakademia%2Fsciezka-rozwoju-zawodnika%2F|title:%C5%9Acie%C5%BCka%20rozwoju%20zawodnika&#8221; uncode_shortcode_id=&#8221;108230&#8243;]WI\u0118CEJ[\/vc_button][\/vc_column][vc_column column_width_percent=&#8221;100&#8243; gutter_size=&#8221;3&#8243; override_padding=&#8221;yes&#8221; column_padding=&#8221;3&#8243; style=&#8221;dark&#8221; back_color=&#8221;color-rgdb&#8221; back_image=&#8221;16&#8243; kburns=&#8221;magnetic&#8221; overlay_color=&#8221;color-prif&#8221; overlay_alpha=&#8221;90&#8243; shift_x=&#8221;0&#8243; shift_y=&#8221;0&#8243; shift_y_down=&#8221;0&#8243; z_index=&#8221;0&#8243; medium_width=&#8221;0&#8243; mobile_width=&#8221;0&#8243; css_animation=&#8221;bottom-t-top&#8221; animation_speed=&#8221;600&#8243; animation_delay=&#8221;1000&#8243; radius=&#8221;xl&#8221; width=&#8221;1\/3&#8243; uncode_shortcode_id=&#8221;151037&#8243; back_color_type=&#8221;uncode-palette&#8221; overlay_color_type=&#8221;uncode-palette&#8221;][vc_custom_heading text_size=&#8221;h4&#8243; uncode_shortcode_id=&#8221;187125&#8243;]Wychowankowie[\/vc_custom_heading][vc_column_text uncode_shortcode_id=&#8221;417688&#8243;]Wychowankowie s\u0105 wizyt\u00f3wk\u0105 Akademii, a ich sukcesy osi\u0105gane na ligowych boiskach s\u0105 powodem do dumy dla ca\u0142ej spo\u0142eczno\u015bci BBTS Podbeskidzie. Od kilku lat nasi absolwenci regularnie przebijaj\u0105 si\u0119 do pierwszego zespo\u0142u naszego klubu i otrzymuj\u0105 szans\u0119 wyst\u0119p\u00f3w przed bielskimi kibicami.[\/vc_column_text][vc_button size=&#8221;btn-sm&#8221; border_animation=&#8221;btn-ripple-out&#8221; outline=&#8221;yes&#8221; border_width=&#8221;0&#8243; link=&#8221;url:%2Fakademia%2Fwychowankowie%2F|title:Wychowankowie&#8221; uncode_shortcode_id=&#8221;796032&#8243;]WI\u0118CEJ[\/vc_button][\/vc_column][\/vc_row][vc_row unlock_row_content=&#8221;yes&#8221; row_height_percent=&#8221;0&#8243; override_padding=&#8221;yes&#8221; h_padding=&#8221;7&#8243; top_padding=&#8221;2&#8243; bottom_padding=&#8221;0&#8243; overlay_alpha=&#8221;50&#8243; equal_height=&#8221;yes&#8221; gutter_size=&#8221;3&#8243; column_width_percent=&#8221;100&#8243; shift_y=&#8221;0&#8243; z_index=&#8221;0&#8243; enable_top_divider=&#8221;default&#8221; top_divider=&#8221;step_3_4&#8243; shape_top_h_use_pixel=&#8221;&#8221; shape_top_height=&#8221;150&#8243; shape_top_color=&#8221;color-uydo&#8221; shape_top_opacity=&#8221;100&#8243; shape_top_index=&#8221;0&#8243; auto_height_device=&#8221;yes&#8221; uncode_shortcode_id=&#8221;127178&#8243; shape_top_color_type=&#8221;uncode-palette&#8221; css=&#8221;.vc_custom_1678875443671{margin-top: 50px !important;}&#8221;][vc_column column_width_percent=&#8221;100&#8243; align_horizontal=&#8221;align_right&#8221; gutter_size=&#8221;3&#8243; override_padding=&#8221;yes&#8221; column_padding=&#8221;3&#8243; expand_height=&#8221;yes&#8221; style=&#8221;dark&#8221; back_image=&#8221;665&#8243; overlay_alpha=&#8221;90&#8243; shift_x=&#8221;0&#8243; shift_y=&#8221;0&#8243; shift_y_down=&#8221;0&#8243; z_index=&#8221;0&#8243; medium_width=&#8221;0&#8243; mobile_width=&#8221;0&#8243; css_animation=&#8221;bottom-t-top&#8221; animation_speed=&#8221;700&#8243; radius=&#8221;xl&#8221; width=&#8221;1\/3&#8243; uncode_shortcode_id=&#8221;206155&#8243; back_size=&#8221;contain&#8221; mobile_height=&#8221;200&#8243;][\/vc_column][vc_column column_width_percent=&#8221;100&#8243; gutter_size=&#8221;3&#8243; override_padding=&#8221;yes&#8221; column_padding=&#8221;3&#8243; style=&#8221;dark&#8221; overlay_alpha=&#8221;85&#8243; shift_x=&#8221;0&#8243; shift_y=&#8221;0&#8243; shift_y_down=&#8221;0&#8243; z_index=&#8221;0&#8243; medium_width=&#8221;0&#8243; mobile_width=&#8221;0&#8243; css_animation=&#8221;bottom-t-top&#8221; animation_speed=&#8221;600&#8243; animation_delay=&#8221;500&#8243; radius=&#8221;xl&#8221; width=&#8221;2\/3&#8243; uncode_shortcode_id=&#8221;122998&#8243;][vc_custom_heading text_color=&#8221;color-prif&#8221; text_size=&#8221;h4&#8243; uncode_shortcode_id=&#8221;146731&#8243; text_color_type=&#8221;uncode-palette&#8221;]Akademia pi\u0142karska BBTS Podbeskidze<br \/>\nposiada srebrn\u0105 gwiazdk\u0119 certyfikacji PZPN[\/vc_custom_heading][\/vc_column][\/vc_row][vc_row unlock_row_content=&#8221;yes&#8221; row_height_percent=&#8221;0&#8243; override_padding=&#8221;yes&#8221; h_padding=&#8221;7&#8243; top_padding=&#8221;4&#8243; bottom_padding=&#8221;4&#8243; overlay_alpha=&#8221;50&#8243; gutter_size=&#8221;3&#8243; column_width_percent=&#8221;100&#8243; shift_y=&#8221;0&#8243; z_index=&#8221;0&#8243; enable_bottom_divider=&#8221;default&#8221; bottom_divider=&#8221;triangle&#8221; shape_bottom_h_use_pixel=&#8221;&#8221; shape_bottom_height=&#8221;50&#8243; shape_bottom_color=&#8221;color-lxmt&#8221; shape_bottom_opacity=&#8221;100&#8243; shape_bottom_index=&#8221;0&#8243; uncode_shortcode_id=&#8221;196004&#8243; shape_bottom_color_type=&#8221;uncode-palette&#8221;][vc_column width=&#8221;1\/1&#8243;][vc_row_inner][vc_column_inner column_width_percent=&#8221;100&#8243; position_vertical=&#8221;middle&#8221; gutter_size=&#8221;3&#8243; overlay_alpha=&#8221;50&#8243; shift_x=&#8221;0&#8243; shift_y=&#8221;0&#8243; shift_y_down=&#8221;0&#8243; z_index=&#8221;0&#8243; medium_width=&#8221;0&#8243; mobile_width=&#8221;0&#8243; width=&#8221;1\/2&#8243; uncode_shortcode_id=&#8221;212407&#8243;][vc_custom_heading uncode_shortcode_id=&#8221;210830&#8243;]Aktualno\u015bci[\/vc_custom_heading][\/vc_column_inner][vc_column_inner column_width_percent=&#8221;100&#8243; position_vertical=&#8221;middle&#8221; align_horizontal=&#8221;align_right&#8221; gutter_size=&#8221;3&#8243; overlay_alpha=&#8221;50&#8243; shift_x=&#8221;0&#8243; shift_y=&#8221;0&#8243; shift_y_down=&#8221;0&#8243; z_index=&#8221;0&#8243; medium_width=&#8221;0&#8243; mobile_width=&#8221;0&#8243; width=&#8221;1\/2&#8243; uncode_shortcode_id=&#8221;185344&#8243;][vc_button button_color=&#8221;color-wayh&#8221; size=&#8221;btn-sm&#8221; outline=&#8221;yes&#8221; border_width=&#8221;0&#8243; button_color_type=&#8221;uncode-palette&#8221; uncode_shortcode_id=&#8221;376058&#8243;]ZOBACZ WSZYSTKIE[\/vc_button][\/vc_column_inner][\/vc_row_inner][uncode_index el_id=&#8221;index-161834&#8243; loop=&#8221;size:9|order_by:date|post_type:post|categories:4|taxonomy_count:10&#8243; screen_lg=&#8221;1000&#8243; screen_md=&#8221;600&#8243; screen_sm=&#8221;480&#8243; gutter_size=&#8221;4&#8243; post_items=&#8221;media|featured|onpost|original,spacer|one,date,title,text|full|150,link|default|small_size,icon|sm&#8221; images_size=&#8221;sixteen-nine&#8221; single_shape=&#8221;round&#8221; radius=&#8221;xl&#8221; single_overlay_color=&#8221;color-210407&#8243; single_overlay_opacity=&#8221;80&#8243; single_image_magnetic=&#8221;yes&#8221; single_padding=&#8221;0&#8243; single_thumb_hover=&#8221;yes&#8221; single_title_semantic=&#8221;h5&#8243; single_title_dimension=&#8221;h5&#8243; single_border=&#8221;yes&#8221; single_css_animation=&#8221;right-t-left&#8221; single_animation_speed=&#8221;700&#8243; single_animation_delay=&#8221;400&#8243; uncode_shortcode_id=&#8221;692373&#8243; single_icon=&#8221;fa fa-plus2&#8243;][\/vc_column][\/vc_row][vc_row unlock_row_content=&#8221;yes&#8221; row_height_percent=&#8221;0&#8243; override_padding=&#8221;yes&#8221; h_padding=&#8221;7&#8243; top_padding=&#8221;4&#8243; bottom_padding=&#8221;4&#8243; back_color=&#8221;color-lxmt&#8221; overlay_alpha=&#8221;50&#8243; gutter_size=&#8221;3&#8243; column_width_percent=&#8221;100&#8243; shift_y=&#8221;0&#8243; z_index=&#8221;0&#8243; uncode_shortcode_id=&#8221;207118&#8243; back_color_type=&#8221;uncode-palette&#8221;][vc_column width=&#8221;1\/1&#8243;][vc_row_inner][vc_column_inner column_width_percent=&#8221;100&#8243; position_vertical=&#8221;middle&#8221; gutter_size=&#8221;3&#8243; overlay_alpha=&#8221;50&#8243; shift_x=&#8221;0&#8243; shift_y=&#8221;0&#8243; shift_y_down=&#8221;0&#8243; z_index=&#8221;0&#8243; medium_width=&#8221;0&#8243; mobile_width=&#8221;0&#8243; width=&#8221;1\/2&#8243; uncode_shortcode_id=&#8221;212407&#8243;][vc_custom_heading uncode_shortcode_id=&#8221;338255&#8243;]Galeria[\/vc_custom_heading][\/vc_column_inner][vc_column_inner column_width_percent=&#8221;100&#8243; position_vertical=&#8221;middle&#8221; align_horizontal=&#8221;align_right&#8221; gutter_size=&#8221;3&#8243; overlay_alpha=&#8221;50&#8243; shift_x=&#8221;0&#8243; shift_y=&#8221;0&#8243; shift_y_down=&#8221;0&#8243; z_index=&#8221;0&#8243; medium_width=&#8221;0&#8243; mobile_width=&#8221;0&#8243; width=&#8221;1\/2&#8243; uncode_shortcode_id=&#8221;185344&#8243;][vc_button button_color=&#8221;color-wayh&#8221; size=&#8221;btn-sm&#8221; outline=&#8221;yes&#8221; border_width=&#8221;0&#8243; button_color_type=&#8221;uncode-palette&#8221; uncode_shortcode_id=&#8221;376058&#8243;]ZOBACZ WSZYSTKIE[\/vc_button][\/vc_column_inner][\/vc_row_inner][vc_gallery el_id=&#8221;gallery-639208&#8243; type=&#8221;carousel&#8221; medias=&#8221;16,24,29,53,54,55,176,177,178&#8243; carousel_lg=&#8221;2&#8243; carousel_md=&#8221;2&#8243; carousel_sm=&#8221;1&#8243; thumb_size=&#8221;four-three&#8221; gutter_size=&#8221;3&#8243; carousel_v_align=&#8221;middle&#8221; carousel_interval=&#8221;3000&#8243; carousel_navspeed=&#8221;400&#8243; carousel_loop=&#8221;yes&#8221; carousel_overflow=&#8221;yes&#8221; stage_padding=&#8221;35&#8243; single_shape=&#8221;round&#8221; radius=&#8221;xl&#8221; single_overlay_color=&#8221;color-210407&#8243; single_overlay_opacity=&#8221;80&#8243; single_image_magnetic=&#8221;yes&#8221; single_h_align=&#8221;center&#8221; single_padding=&#8221;2&#8243; single_icon=&#8221;fa fa-plus2&#8243; single_border=&#8221;yes&#8221; single_css_animation=&#8221;alpha-anim&#8221; post_matrix=&#8221;matrix&#8221; matrix_amount=&#8221;6&#8243; uncode_shortcode_id=&#8221;205463&#8243; matrix_items=&#8221;e30=&#8221;][\/vc_column][\/vc_row][vc_row row_height_percent=&#8221;0&#8243; override_padding=&#8221;yes&#8221; h_padding=&#8221;0&#8243; top_padding=&#8221;0&#8243; bottom_padding=&#8221;5&#8243; back_color=&#8221;color-lxmt&#8221; overlay_alpha=&#8221;50&#8243; equal_height=&#8221;yes&#8221; gutter_size=&#8221;3&#8243; column_width_percent=&#8221;100&#8243; shift_y=&#8221;0&#8243; z_index=&#8221;0&#8243; uncode_shortcode_id=&#8221;144623&#8243; back_color_type=&#8221;uncode-palette&#8221;][vc_column column_width_percent=&#8221;100&#8243; position_vertical=&#8221;middle&#8221; align_horizontal=&#8221;align_center&#8221; gutter_size=&#8221;3&#8243; override_padding=&#8221;yes&#8221; column_padding=&#8221;3&#8243; style=&#8221;light&#8221; back_color=&#8221;color-xsdn&#8221; overlay_alpha=&#8221;50&#8243; shift_x=&#8221;0&#8243; shift_y=&#8221;3&#8243; shift_y_down=&#8221;0&#8243; z_index=&#8221;0&#8243; medium_width=&#8221;0&#8243; mobile_width=&#8221;0&#8243; radius=&#8221;xl&#8221; width=&#8221;6\/12&#8243; uncode_shortcode_id=&#8221;815079&#8243; back_color_type=&#8221;uncode-palette&#8221;][vc_custom_heading text_size=&#8221;h3&#8243; uncode_shortcode_id=&#8221;174820&#8243;]Daniel Miko\u0142ajewski[\/vc_custom_heading][vc_custom_heading heading_semantic=&#8221;h4&#8243; text_size=&#8221;h4&#8243; uncode_shortcode_id=&#8221;988715&#8243;]Podbeskidzie Bielsko-Bia\u0142a[\/vc_custom_heading][vc_column_text uncode_shortcode_id=&#8221;188404&#8243;]Pozycja: Obro\u0144ca[\/vc_column_text][vc_empty_space empty_h=&#8221;2&#8243;][vc_button size=&#8221;btn-sm&#8221; border_width=&#8221;0&#8243; uncode_shortcode_id=&#8221;135290&#8243;]Wi\u0119cej[\/vc_button][\/vc_column][vc_column column_width_percent=&#8221;100&#8243; position_vertical=&#8221;middle&#8221; gutter_size=&#8221;3&#8243; override_padding=&#8221;yes&#8221; column_padding=&#8221;0&#8243; back_image=&#8221;183&#8243; overlay_alpha=&#8221;50&#8243; shift_x=&#8221;0&#8243; shift_y=&#8221;0&#8243; shift_y_down=&#8221;0&#8243; z_index=&#8221;0&#8243; medium_width=&#8221;0&#8243; mobile_width=&#8221;0&#8243; radius=&#8221;xl&#8221; shadow=&#8221;lg&#8221; width=&#8221;6\/12&#8243; uncode_shortcode_id=&#8221;158615&#8243;][vc_single_image media=&#8221;127&#8243; media_width_percent=&#8221;100&#8243; css_animation=&#8221;parallax&#8221; parallax_intensity=&#8221;7&#8243; uncode_shortcode_id=&#8221;153934&#8243;][\/vc_column][\/vc_row][vc_row row_height_percent=&#8221;0&#8243; override_padding=&#8221;yes&#8221; h_padding=&#8221;0&#8243; top_padding=&#8221;4&#8243; bottom_padding=&#8221;4&#8243; back_color=&#8221;color-xsdn&#8221; overlay_alpha=&#8221;50&#8243; gutter_size=&#8221;3&#8243; column_width_percent=&#8221;100&#8243; shift_y=&#8221;0&#8243; z_index=&#8221;0&#8243; desktop_visibility=&#8221;yes&#8221; medium_visibility=&#8221;yes&#8221; mobile_visibility=&#8221;yes&#8221; uncode_shortcode_id=&#8221;203937&#8243; back_color_type=&#8221;uncode-palette&#8221;][vc_column width=&#8221;1\/1&#8243;][vc_row_inner][vc_column_inner column_width_percent=&#8221;100&#8243; align_horizontal=&#8221;align_center&#8221; gutter_size=&#8221;3&#8243; override_padding=&#8221;yes&#8221; column_padding=&#8221;2&#8243; overlay_alpha=&#8221;50&#8243; shift_x=&#8221;0&#8243; shift_y=&#8221;0&#8243; shift_y_down=&#8221;0&#8243; z_index=&#8221;0&#8243; medium_width=&#8221;0&#8243; mobile_width=&#8221;0&#8243; width=&#8221;1\/3&#8243; uncode_shortcode_id=&#8221;203663&#8243;][vc_icon icon=&#8221;fa fa-trophy2&#8243; icon_color=&#8221;color-210407&#8243; size=&#8221;fa-3x&#8221; text_size=&#8221;h4&#8243; uncode_shortcode_id=&#8221;926091&#8243; icon_color_type=&#8221;uncode-palette&#8221; title=&#8221;Profesjonalizm&#8221;]Lorem ipsum dolor sit amet, consectetur adipiscing elit. Donec nec augue mattis, ultricies dolor vel, pretium turpis. Nulla ultrices neque lorem, iaculis convallis ligula pulvinar venenatis. Suspendisse potenti. [\/vc_icon][\/vc_column_inner][vc_column_inner column_width_percent=&#8221;100&#8243; align_horizontal=&#8221;align_center&#8221; gutter_size=&#8221;3&#8243; override_padding=&#8221;yes&#8221; column_padding=&#8221;2&#8243; overlay_alpha=&#8221;50&#8243; shift_x=&#8221;0&#8243; shift_y=&#8221;0&#8243; shift_y_down=&#8221;0&#8243; z_index=&#8221;0&#8243; medium_width=&#8221;0&#8243; mobile_width=&#8221;0&#8243; width=&#8221;1\/3&#8243; uncode_shortcode_id=&#8221;140394&#8243;][vc_icon icon=&#8221;fa fa-futbol-o&#8221; icon_color=&#8221;color-210407&#8243; size=&#8221;fa-3x&#8221; text_size=&#8221;h4&#8243; uncode_shortcode_id=&#8221;286003&#8243; icon_color_type=&#8221;uncode-palette&#8221; title=&#8221;Profesjonalizm&#8221;]Lorem ipsum dolor sit amet, consectetur adipiscing elit. Donec nec augue mattis, ultricies dolor vel, pretium turpis. Nulla ultrices neque lorem, iaculis convallis ligula pulvinar venenatis. Suspendisse potenti.<\/p>\n<p>[\/vc_icon][\/vc_column_inner][vc_column_inner column_width_percent=&#8221;100&#8243; align_horizontal=&#8221;align_center&#8221; gutter_size=&#8221;3&#8243; override_padding=&#8221;yes&#8221; column_padding=&#8221;2&#8243; overlay_alpha=&#8221;50&#8243; shift_x=&#8221;0&#8243; shift_y=&#8221;0&#8243; shift_y_down=&#8221;0&#8243; z_index=&#8221;0&#8243; medium_width=&#8221;0&#8243; mobile_width=&#8221;0&#8243; width=&#8221;1\/3&#8243; uncode_shortcode_id=&#8221;166655&#8243;][vc_icon icon=&#8221;fa fa-target2&#8243; icon_color=&#8221;color-210407&#8243; size=&#8221;fa-3x&#8221; text_size=&#8221;h4&#8243; uncode_shortcode_id=&#8221;433257&#8243; icon_color_type=&#8221;uncode-palette&#8221; title=&#8221;Profesjonalizm&#8221;]Lorem ipsum dolor sit amet, consectetur adipiscing elit. Donec nec augue mattis, ultricies dolor vel, pretium turpis. Nulla ultrices neque lorem, iaculis convallis ligula pulvinar venenatis. Suspendisse potenti.<\/p>\n<p>&nbsp;<\/p>\n<p>[\/vc_icon][\/vc_column_inner][\/vc_row_inner][\/vc_column][\/vc_row][vc_row unlock_row_content=&#8221;yes&#8221; row_height_percent=&#8221;0&#8243; override_padding=&#8221;yes&#8221; h_padding=&#8221;7&#8243; top_padding=&#8221;1&#8243; bottom_padding=&#8221;4&#8243; back_color=&#8221;color-lxmt&#8221; overlay_alpha=&#8221;50&#8243; equal_height=&#8221;yes&#8221; gutter_size=&#8221;0&#8243; column_width_percent=&#8221;100&#8243; shift_y=&#8221;0&#8243; z_index=&#8221;0&#8243; uncode_shortcode_id=&#8221;781901&#8243; back_color_type=&#8221;uncode-palette&#8221;][vc_column column_width_percent=&#8221;100&#8243; position_vertical=&#8221;middle&#8221; gutter_size=&#8221;3&#8243; override_padding=&#8221;yes&#8221; column_padding=&#8221;0&#8243; overlay_alpha=&#8221;50&#8243; shift_x=&#8221;0&#8243; shift_y=&#8221;0&#8243; shift_y_down=&#8221;0&#8243; z_index=&#8221;0&#8243; medium_width=&#8221;0&#8243; mobile_width=&#8221;0&#8243; width=&#8221;1\/1&#8243; uncode_shortcode_id=&#8221;244054&#8243;][vc_row_inner row_inner_height_percent=&#8221;0&#8243; overlay_alpha=&#8221;50&#8243; equal_height=&#8221;yes&#8221; gutter_size=&#8221;0&#8243; shift_y=&#8221;0&#8243; z_index=&#8221;0&#8243; uncode_shortcode_id=&#8221;310113&#8243;][vc_column_inner column_width_percent=&#8221;100&#8243; gutter_size=&#8221;3&#8243; back_image=&#8221;105&#8243; back_position=&#8221;left top&#8221; overlay_alpha=&#8221;50&#8243; shift_x=&#8221;0&#8243; shift_y=&#8221;0&#8243; shift_y_down=&#8221;0&#8243; z_index=&#8221;0&#8243; medium_width=&#8221;0&#8243; mobile_width=&#8221;0&#8243; radius=&#8221;xl&#8221; width=&#8221;1\/2&#8243; uncode_shortcode_id=&#8221;134681&#8243;][\/vc_column_inner][vc_column_inner column_width_percent=&#8221;100&#8243; position_vertical=&#8221;middle&#8221; align_horizontal=&#8221;align_center&#8221; gutter_size=&#8221;3&#8243; override_padding=&#8221;yes&#8221; column_padding=&#8221;3&#8243; style=&#8221;dark&#8221; back_color=&#8221;color-vyce&#8221; overlay_alpha=&#8221;50&#8243; shift_x=&#8221;-2&#8243; shift_y=&#8221;0&#8243; shift_y_down=&#8221;0&#8243; z_index=&#8221;0&#8243; medium_width=&#8221;0&#8243; mobile_width=&#8221;0&#8243; radius=&#8221;xl&#8221; width=&#8221;1\/2&#8243; uncode_shortcode_id=&#8221;157685&#8243; back_color_type=&#8221;uncode-palette&#8221;][vc_custom_heading text_size=&#8221;h4&#8243; uncode_shortcode_id=&#8221;206909&#8243;]Nab\u00f3r do IV klasy Szko\u0142y Podstawowej[\/vc_custom_heading][vc_column_text uncode_shortcode_id=&#8221;967469&#8243;]Og\u0142aszamy nab\u00f3r uzupe\u0142niaj\u0105cy do VI klasy Szko\u0142y Podstawowej Mistrzostwa Sportowego BBTS Podbeskidzie.<br \/>\n<strong>Informacje:<\/strong><br \/>\nTrener Mateusz Gazda<br \/>\ntel. 602 756 222[\/vc_column_text][vc_button size=&#8221;btn-sm&#8221; outline=&#8221;yes&#8221; border_width=&#8221;0&#8243; link=&#8221;url:%23&#8243; uncode_shortcode_id=&#8221;218492&#8243;]Wi\u0119cej informacji[\/vc_button][\/vc_column_inner][\/vc_row_inner][\/vc_column][\/vc_row]<\/p>\n","protected":false},"excerpt":{"rendered":"<p>[vc_row unlock_row_content=&#8221;yes&#8221; row_height_percent=&#8221;0&#8243; override_padding=&#8221;yes&#8221; h_padding=&#8221;7&#8243; top_padding=&#8221;2&#8243; bottom_padding=&#8221;0&#8243; overlay_alpha=&#8221;50&#8243; equal_height=&#8221;yes&#8221; gutter_size=&#8221;3&#8243; column_width_percent=&#8221;100&#8243; shift_y=&#8221;0&#8243; z_index=&#8221;0&#8243; uncode_shortcode_id=&#8221;403468&#8243;][vc_column column_width_percent=&#8221;100&#8243; gutter_size=&#8221;3&#8243; override_padding=&#8221;yes&#8221; column_padding=&#8221;3&#8243; style=&#8221;dark&#8221; back_color=&#8221;color-vyce&#8221; [&hellip;]<\/p>\n","protected":false},"author":1,"featured_media":0,"parent":0,"menu_order":0,"comment_status":"closed","ping_status":"open","template":"","meta":[],"_links":{"self":[{"href":"https:\/\/bbts.pl\/akademia\/wp-json\/wp\/v2\/pages\/2"}],"collection":[{"href":"https:\/\/bbts.pl\/akademia\/wp-json\/wp\/v2\/pages"}],"about":[{"href":"https:\/\/bbts.pl\/akademia\/wp-json\/wp\/v2\/types\/page"}],"author":[{"embeddable":true,"href":"https:\/\/bbts.pl\/akademia\/wp-json\/wp\/v2\/users\/1"}],"replies":[{"embeddable":true,"href":"https:\/\/bbts.pl\/akademia\/wp-json\/wp\/v2\/comments?post=2"}],"version-history":[{"count":109,"href":"https:\/\/bbts.pl\/akademia\/wp-json\/wp\/v2\/pages\/2\/revisions"}],"predecessor-version":[{"id":671,"href":"https:\/\/bbts.pl\/akademia\/wp-json\/wp\/v2\/pages\/2\/revisions\/671"}],"wp:attachment":[{"href":"https:\/\/bbts.pl\/akademia\/wp-json\/wp\/v2\/media?parent=2"}],"curies":[{"name":"wp","href":"https:\/\/api.w.org\/{rel}","templated":true}]}}